{"id":51020,"date":"2026-02-12T09:31:30","date_gmt":"2026-02-12T08:31:30","guid":{"rendered":"https:\/\/www.noeliaandreuestilistas.es\/book-an-appointment\/"},"modified":"2026-02-15T19:48:47","modified_gmt":"2026-02-15T18:48:47","slug":"book-an-appointment","status":"publish","type":"page","link":"https:\/\/www.noeliaandreuestilistas.es\/en\/book-an-appointment\/","title":{"rendered":"Book an Appointment"},"content":{"rendered":"\t\t<div data-elementor-type=\"wp-page\" data-elementor-id=\"51020\" class=\"elementor elementor-51020 elementor-50896\">\n\t\t\t\t<div class=\"elementor-element elementor-element-9233ab9 e-flex e-con-boxed e-con e-parent\" data-id=\"9233ab9\" data-element_type=\"container\" data-e-type=\"container\">\n\t\t\t\t\t<div class=\"e-con-inner\">\n\t\t<div class=\"elementor-element elementor-element-ec69c60 e-con-full e-flex e-con e-child\" data-id=\"ec69c60\" data-element_type=\"container\" data-e-type=\"container\">\n\t\t<div class=\"elementor-element elementor-element-980d19f e-con-full lte-background-gray e-flex e-con e-child\" data-id=\"980d19f\" data-element_type=\"container\" data-e-type=\"container\" data-settings=\"{&quot;background_background&quot;:&quot;classic&quot;}\">\n\t\t\t\t<\/div>\n\t\t<div class=\"elementor-element elementor-element-acfdacc e-con-full lte-background-gray e-flex e-con e-child\" data-id=\"acfdacc\" data-element_type=\"container\" data-e-type=\"container\">\n\t\t\t\t<div class=\"elementor-element elementor-element-0d1f592 lte-heading-align-mobile-center elementor-widget elementor-widget-lte-header\" data-id=\"0d1f592\" data-element_type=\"widget\" data-e-type=\"widget\" data-widget_type=\"lte-header.default\">\n\t\t\t\t<div class=\"elementor-widget-container\">\n\t\t\t\t\t<div class=\"lte-heading lte-style-header-subheader lte-uppercase heading-tag-h5 heading-subtag-h6\"><div class=\"lte-heading-content\"><h5 class=\"lte-header\">BOOK AN APPOINTMENT<\/h5><\/div><\/div>\t\t\t\t<\/div>\n\t\t\t\t<\/div>\n\t\t\t\t<div class=\"elementor-element elementor-element-0301de5 lte-background-transparent elementor-widget elementor-widget-lte-cf7\" data-id=\"0301de5\" data-element_type=\"widget\" data-e-type=\"widget\" data-widget_type=\"lte-cf7.default\">\n\t\t\t\t<div class=\"elementor-widget-container\">\n\t\t\t\t\t<div class=\"lte-contact-form-7 lte-padding- lte-btn-main lte-full-width-yes lte-background-transparent\">\n<div class=\"wpcf7 no-js\" id=\"wpcf7-f51048-o1\" lang=\"en-US\" dir=\"ltr\" data-wpcf7-id=\"51048\">\n<div class=\"screen-reader-response\"><p role=\"status\" aria-live=\"polite\" aria-atomic=\"true\"><\/p> <ul><\/ul><\/div>\n<form action=\"\/en\/wp-json\/wp\/v2\/pages\/51020#wpcf7-f51048-o1\" method=\"post\" class=\"wpcf7-form init\" aria-label=\"Contact form\" novalidate=\"novalidate\" data-status=\"init\">\n<fieldset class=\"hidden-fields-container\"><input type=\"hidden\" name=\"_wpcf7\" value=\"51048\" \/><input type=\"hidden\" name=\"_wpcf7_version\" value=\"6.1.5\" \/><input type=\"hidden\" name=\"_wpcf7_locale\" value=\"en_US\" \/><input type=\"hidden\" name=\"_wpcf7_unit_tag\" value=\"wpcf7-f51048-o1\" \/><input type=\"hidden\" name=\"_wpcf7_container_post\" value=\"0\" \/><input type=\"hidden\" name=\"_wpcf7_posted_data_hash\" value=\"\" \/><input type=\"hidden\" name=\"_wpcf7_recaptcha_response\" value=\"\" \/>\n<\/fieldset>\n<div class=\"row\">\n\t<div class=\"col-lg-12 col-xs-12\">\n\t\t<p><span class=\"wpcf7-form-control-wrap\" data-name=\"field-name\"><input size=\"40\" maxlength=\"400\" class=\"wpcf7-form-control wpcf7-text wpcf7-validates-as-required\" aria-required=\"true\" aria-invalid=\"false\" placeholder=\"Your full name\" value=\"\" type=\"text\" name=\"field-name\" \/><\/span>\n\t\t<\/p>\n\t<\/div>\n\t<div class=\"col-lg-12 col-xs-12\">\n\t\t<p><span class=\"wpcf7-form-control-wrap\" data-name=\"field-email\"><input size=\"40\" maxlength=\"400\" class=\"wpcf7-form-control wpcf7-text wpcf7-validates-as-required\" aria-required=\"true\" aria-invalid=\"false\" placeholder=\"Email\" value=\"\" type=\"text\" name=\"field-email\" \/><\/span>\n\t\t<\/p>\n\t<\/div>\n\t<div class=\"col-lg-12 col-xs-12\">\n\t\t<p><span class=\"wpcf7-form-control-wrap\" data-name=\"field-phone\"><input size=\"40\" maxlength=\"400\" class=\"wpcf7-form-control wpcf7-text wpcf7-validates-as-required\" aria-required=\"true\" aria-invalid=\"false\" placeholder=\"Phone\" value=\"\" type=\"text\" name=\"field-phone\" \/><\/span>\n\t\t<\/p>\n\t<\/div>\n\t<div class=\"col-lg-12 col-xs-12\">\n\t\t<p><span class=\"wpcf7-form-control-wrap\" data-name=\"procedure\"><select class=\"wpcf7-form-control wpcf7-select\" aria-invalid=\"false\" name=\"procedure\"><option value=\"\">Hair diagnosis<\/option><option value=\"Haircut\">Haircut<\/option><option value=\"Coloring\">Coloring<\/option><option value=\"Highlights\">Highlights<\/option><option value=\"Micropigmentation\">Micropigmentation<\/option><\/select><\/span>\n\t\t<\/p>\n\t<\/div>\n<\/div>\n<p><input class=\"wpcf7-form-control wpcf7-submit has-spinner\" type=\"submit\" value=\"Book an appointment\" \/>\n<\/p><div class=\"wpcf7-response-output\" aria-hidden=\"true\"><\/div>\n<\/form>\n<\/div>\n<\/div>\t\t\t\t<\/div>\n\t\t\t\t<\/div>\n\t\t\t\t<div class=\"elementor-element elementor-element-666e3e6 lte-heading-align-mobile-center elementor-widget elementor-widget-lte-header\" data-id=\"666e3e6\" data-element_type=\"widget\" data-e-type=\"widget\" data-widget_type=\"lte-header.default\">\n\t\t\t\t<div class=\"elementor-widget-container\">\n\t\t\t\t\t<div class=\"lte-heading lte-style-header-subheader lte-uppercase heading-tag-h6 heading-subtag-h6\"><div class=\"lte-heading-content\"><h6 class=\"lte-header\">book your appointment by phone:<\/h6><\/div><\/div>\t\t\t\t<\/div>\n\t\t\t\t<\/div>\n\t\t\t\t<div class=\"elementor-element elementor-element-ad8ca62 elementor-widget elementor-widget-lte-icons\" data-id=\"ad8ca62\" data-element_type=\"widget\" data-e-type=\"widget\" data-widget_type=\"lte-icons.default\">\n\t\t\t\t<div class=\"elementor-widget-container\">\n\t\t\t\t\t<ul class=\"lte-block-icon layout-inline lte-icons-count-1 lte-icon-space-md lte-icon-shape-default lte-icon-shape-color- lte-icon-color-main lte-icon-divider-disabled lte-icon-size-small lte-header-color-white lte-icon-type-left lte-icon-header-tag-h6 lte-hover-animation-icon-up\"><li class=\"lte-item\"><div   class=\"lte-inner\"><i aria-hidden=\"true\" class=\"icon icon-outgoing-call\"><\/i><span class=\"lte-after-el\"><\/span><span class=\"lte-icon-content\"> <span class=\"lte-header lte-h6\"> 966 69 50 31 <\/span> <\/span><\/div><\/li><\/ul>\t\t\t\t<\/div>\n\t\t\t\t<\/div>\n\t\t\t\t<\/div>\n\t\t\t\t<\/div>\n\t\t\t\t\t<\/div>\n\t\t\t\t<\/div>\n\t\t\t\t<\/div>\n\t\t","protected":false},"excerpt":{"rendered":"<p>BOOK AN APPOINTMENT Diagn\u00f3stico capilarCorte de peloColoraci\u00f3nMechasMicropigmentaci\u00f3n book your appointment by phone: 966 69 50 31<\/p>\n","protected":false},"author":1,"featured_media":51023,"parent":0,"menu_order":0,"comment_status":"closed","ping_status":"closed","template":"page-templates\/full-width.php","meta":{"inline_featured_image":false,"footnotes":""},"class_list":["post-51020","page","type-page","status-publish","has-post-thumbnail","hentry"],"yoast_head":"<!-- This site is optimized with the Yoast SEO plugin v26.9 - https:\/\/yoast.com\/product\/yoast-seo-wordpress\/ -->\n<title>Book an Appointment - Noelia Andreu Estilistas<\/title>\n<meta name=\"robots\" content=\"index, follow, max-snippet:-1, max-image-preview:large, max-video-preview:-1\" \/>\n<link rel=\"canonical\" href=\"https:\/\/www.noeliaandreuestilistas.es\/pide-tu-cita\/\" \/>\n<meta property=\"og:locale\" content=\"en_US\" \/>\n<meta property=\"og:type\" content=\"article\" \/>\n<meta property=\"og:title\" content=\"Book an Appointment - Noelia Andreu Estilistas\" \/>\n<meta property=\"og:description\" content=\"BOOK AN APPOINTMENT Diagn\u00f3stico capilarCorte de peloColoraci\u00f3nMechasMicropigmentaci\u00f3n book your appointment by phone: 966 69 50 31\" \/>\n<meta property=\"og:url\" content=\"https:\/\/www.noeliaandreuestilistas.es\/pide-tu-cita\/\" \/>\n<meta property=\"og:site_name\" content=\"Noelia Andreu Estilistas\" \/>\n<meta property=\"article:modified_time\" content=\"2026-02-15T18:48:47+00:00\" \/>\n<meta property=\"og:image\" content=\"https:\/\/www.noeliaandreuestilistas.es\/wp-content\/uploads\/2026\/02\/servicios-1.webp\" \/>\n\t<meta property=\"og:image:width\" content=\"1922\" \/>\n\t<meta property=\"og:image:height\" content=\"917\" \/>\n\t<meta property=\"og:image:type\" content=\"image\/webp\" \/>\n<meta name=\"twitter:card\" content=\"summary_large_image\" \/>\n<script type=\"application\/ld+json\" class=\"yoast-schema-graph\">{\"@context\":\"https:\/\/schema.org\",\"@graph\":[{\"@type\":\"WebPage\",\"@id\":\"https:\/\/www.noeliaandreuestilistas.es\/pide-tu-cita\/\",\"url\":\"https:\/\/www.noeliaandreuestilistas.es\/pide-tu-cita\/\",\"name\":\"Book an Appointment - Noelia Andreu Estilistas\",\"isPartOf\":{\"@id\":\"https:\/\/www.noeliaandreuestilistas.es\/#website\"},\"primaryImageOfPage\":{\"@id\":\"https:\/\/www.noeliaandreuestilistas.es\/pide-tu-cita\/#primaryimage\"},\"image\":{\"@id\":\"https:\/\/www.noeliaandreuestilistas.es\/pide-tu-cita\/#primaryimage\"},\"thumbnailUrl\":\"https:\/\/www.noeliaandreuestilistas.es\/wp-content\/uploads\/2026\/02\/servicios-1.webp\",\"datePublished\":\"2026-02-12T08:31:30+00:00\",\"dateModified\":\"2026-02-15T18:48:47+00:00\",\"breadcrumb\":{\"@id\":\"https:\/\/www.noeliaandreuestilistas.es\/pide-tu-cita\/#breadcrumb\"},\"inLanguage\":\"en-US\",\"potentialAction\":[{\"@type\":\"ReadAction\",\"target\":[\"https:\/\/www.noeliaandreuestilistas.es\/pide-tu-cita\/\"]}]},{\"@type\":\"ImageObject\",\"inLanguage\":\"en-US\",\"@id\":\"https:\/\/www.noeliaandreuestilistas.es\/pide-tu-cita\/#primaryimage\",\"url\":\"https:\/\/www.noeliaandreuestilistas.es\/wp-content\/uploads\/2026\/02\/servicios-1.webp\",\"contentUrl\":\"https:\/\/www.noeliaandreuestilistas.es\/wp-content\/uploads\/2026\/02\/servicios-1.webp\",\"width\":1922,\"height\":917,\"caption\":\"Especialistas en color\"},{\"@type\":\"BreadcrumbList\",\"@id\":\"https:\/\/www.noeliaandreuestilistas.es\/pide-tu-cita\/#breadcrumb\",\"itemListElement\":[{\"@type\":\"ListItem\",\"position\":1,\"name\":\"Portada\",\"item\":\"https:\/\/www.noeliaandreuestilistas.es\/\"},{\"@type\":\"ListItem\",\"position\":2,\"name\":\"Book an Appointment\"}]},{\"@type\":\"WebSite\",\"@id\":\"https:\/\/www.noeliaandreuestilistas.es\/#website\",\"url\":\"https:\/\/www.noeliaandreuestilistas.es\/\",\"name\":\"Noelia Andreu Estilistas\",\"description\":\"High-end stylists\",\"potentialAction\":[{\"@type\":\"SearchAction\",\"target\":{\"@type\":\"EntryPoint\",\"urlTemplate\":\"https:\/\/www.noeliaandreuestilistas.es\/?s={search_term_string}\"},\"query-input\":{\"@type\":\"PropertyValueSpecification\",\"valueRequired\":true,\"valueName\":\"search_term_string\"}}],\"inLanguage\":\"en-US\"}]}<\/script>\n<!-- \/ Yoast SEO plugin. -->","yoast_head_json":{"title":"Book an Appointment - Noelia Andreu Estilistas","robots":{"index":"index","follow":"follow","max-snippet":"max-snippet:-1","max-image-preview":"max-image-preview:large","max-video-preview":"max-video-preview:-1"},"canonical":"https:\/\/www.noeliaandreuestilistas.es\/pide-tu-cita\/","og_locale":"en_US","og_type":"article","og_title":"Book an Appointment - Noelia Andreu Estilistas","og_description":"BOOK AN APPOINTMENT Diagn\u00f3stico capilarCorte de peloColoraci\u00f3nMechasMicropigmentaci\u00f3n book your appointment by phone: 966 69 50 31","og_url":"https:\/\/www.noeliaandreuestilistas.es\/pide-tu-cita\/","og_site_name":"Noelia Andreu Estilistas","article_modified_time":"2026-02-15T18:48:47+00:00","og_image":[{"width":1922,"height":917,"url":"https:\/\/www.noeliaandreuestilistas.es\/wp-content\/uploads\/2026\/02\/servicios-1.webp","type":"image\/webp"}],"twitter_card":"summary_large_image","schema":{"@context":"https:\/\/schema.org","@graph":[{"@type":"WebPage","@id":"https:\/\/www.noeliaandreuestilistas.es\/pide-tu-cita\/","url":"https:\/\/www.noeliaandreuestilistas.es\/pide-tu-cita\/","name":"Book an Appointment - Noelia Andreu Estilistas","isPartOf":{"@id":"https:\/\/www.noeliaandreuestilistas.es\/#website"},"primaryImageOfPage":{"@id":"https:\/\/www.noeliaandreuestilistas.es\/pide-tu-cita\/#primaryimage"},"image":{"@id":"https:\/\/www.noeliaandreuestilistas.es\/pide-tu-cita\/#primaryimage"},"thumbnailUrl":"https:\/\/www.noeliaandreuestilistas.es\/wp-content\/uploads\/2026\/02\/servicios-1.webp","datePublished":"2026-02-12T08:31:30+00:00","dateModified":"2026-02-15T18:48:47+00:00","breadcrumb":{"@id":"https:\/\/www.noeliaandreuestilistas.es\/pide-tu-cita\/#breadcrumb"},"inLanguage":"en-US","potentialAction":[{"@type":"ReadAction","target":["https:\/\/www.noeliaandreuestilistas.es\/pide-tu-cita\/"]}]},{"@type":"ImageObject","inLanguage":"en-US","@id":"https:\/\/www.noeliaandreuestilistas.es\/pide-tu-cita\/#primaryimage","url":"https:\/\/www.noeliaandreuestilistas.es\/wp-content\/uploads\/2026\/02\/servicios-1.webp","contentUrl":"https:\/\/www.noeliaandreuestilistas.es\/wp-content\/uploads\/2026\/02\/servicios-1.webp","width":1922,"height":917,"caption":"Especialistas en color"},{"@type":"BreadcrumbList","@id":"https:\/\/www.noeliaandreuestilistas.es\/pide-tu-cita\/#breadcrumb","itemListElement":[{"@type":"ListItem","position":1,"name":"Portada","item":"https:\/\/www.noeliaandreuestilistas.es\/"},{"@type":"ListItem","position":2,"name":"Book an Appointment"}]},{"@type":"WebSite","@id":"https:\/\/www.noeliaandreuestilistas.es\/#website","url":"https:\/\/www.noeliaandreuestilistas.es\/","name":"Noelia Andreu Estilistas","description":"High-end stylists","potentialAction":[{"@type":"SearchAction","target":{"@type":"EntryPoint","urlTemplate":"https:\/\/www.noeliaandreuestilistas.es\/?s={search_term_string}"},"query-input":{"@type":"PropertyValueSpecification","valueRequired":true,"valueName":"search_term_string"}}],"inLanguage":"en-US"}]}},"_links":{"self":[{"href":"https:\/\/www.noeliaandreuestilistas.es\/en\/wp-json\/wp\/v2\/pages\/51020","targetHints":{"allow":["GET"]}}],"collection":[{"href":"https:\/\/www.noeliaandreuestilistas.es\/en\/wp-json\/wp\/v2\/pages"}],"about":[{"href":"https:\/\/www.noeliaandreuestilistas.es\/en\/wp-json\/wp\/v2\/types\/page"}],"author":[{"embeddable":true,"href":"https:\/\/www.noeliaandreuestilistas.es\/en\/wp-json\/wp\/v2\/users\/1"}],"replies":[{"embeddable":true,"href":"https:\/\/www.noeliaandreuestilistas.es\/en\/wp-json\/wp\/v2\/comments?post=51020"}],"version-history":[{"count":6,"href":"https:\/\/www.noeliaandreuestilistas.es\/en\/wp-json\/wp\/v2\/pages\/51020\/revisions"}],"predecessor-version":[{"id":51175,"href":"https:\/\/www.noeliaandreuestilistas.es\/en\/wp-json\/wp\/v2\/pages\/51020\/revisions\/51175"}],"wp:featuredmedia":[{"embeddable":true,"href":"https:\/\/www.noeliaandreuestilistas.es\/en\/wp-json\/wp\/v2\/media\/51023"}],"wp:attachment":[{"href":"https:\/\/www.noeliaandreuestilistas.es\/en\/wp-json\/wp\/v2\/media?parent=51020"}],"curies":[{"name":"wp","href":"https:\/\/api.w.org\/{rel}","templated":true}]}}